{"id":2046,"date":"2020-02-04T20:14:28","date_gmt":"2020-02-04T20:14:28","guid":{"rendered":"https:\/\/somero.ee\/?page_id=2046"},"modified":"2020-02-04T20:22:45","modified_gmt":"2020-02-04T20:22:45","slug":"uchebnye-programmy","status":"publish","type":"page","link":"https:\/\/somero.ee\/ru\/uchebnye-programmy\/","title":{"rendered":"\u0423\u0447\u0435\u0431\u043d\u044b\u0435 \u043f\u0440\u043e\u0433\u0440\u0430\u043c\u043c\u044b"},"content":{"rendered":"<ul>\n<li><a href=\"https:\/\/somero.ee\/wp-content\/uploads\/2020\/02\/A-A1-A2_t\u00e4iendus\u00f5ppe-\u00f5ppekava-Somero-Autokool-O\u00dc-RUS.pdf\">\u0423\u0447\u0435\u0431\u043d\u0430\u044f \u043f\u0440\u043e\u0433\u0440\u0430\u043c\u043c\u0430 \u043a\u0430\u0442\u0435\u0433\u043e\u0440\u0438\u0438 A, A1, A2 <\/a><\/li>\n<li><a href=\"https:\/\/somero.ee\/wp-content\/uploads\/2020\/02\/A1-ja-A2-esma\u00f5ppe-\u00f5ppekava-Somero-Autokool-O\u00dc-RUS.pdf\">\u0423\u0447\u0435\u0431\u043d\u0430\u044f \u043f\u0440\u043e\u0433\u0440\u0430\u043c\u043c\u0430 \u043a\u0430\u0442\u0435\u0433\u043e\u0440\u0438\u0438 A1 \u0438 A2<\/a><\/li>\n<li><a href=\"https:\/\/somero.ee\/wp-content\/uploads\/2020\/02\/AM-kategooria-\u00f5ppekava-Somero-Autokool-O\u00dc-RUS.pdf\">\u0423\u0447\u0435\u0431\u043d\u0430\u044f \u043f\u0440\u043e\u0433\u0440\u0430\u043c\u043c\u0430 \u043a\u0430\u0442\u0435\u0433\u043e\u0440\u0438\u0438 AM<\/a><\/li>\n<li><a href=\"https:\/\/somero.ee\/wp-content\/uploads\/2020\/02\/B-kategooria-\u00f5ppekava-Somero-Autokool-O\u00dc-RUS.pdf\">\u0423\u0447\u0435\u0431\u043d\u0430\u044f \u043f\u0440\u043e\u0433\u0440\u0430\u043c\u043c\u0430 \u043a\u0430\u0442\u0435\u0433\u043e\u0440\u0438\u0438 B<\/a><\/li>\n<\/ul>\n","protected":false},"excerpt":{"rendered":"<p>\u0423\u0447\u0435\u0431\u043d\u0430\u044f \u043f\u0440\u043e\u0433\u0440\u0430\u043c\u043c\u0430 \u043a\u0430\u0442\u0435\u0433\u043e\u0440\u0438\u0438 A, A1, A2 \u0423\u0447\u0435\u0431\u043d\u0430\u044f \u043f\u0440\u043e\u0433\u0440\u0430\u043c\u043c\u0430 \u043a\u0430\u0442\u0435\u0433\u043e\u0440\u0438\u0438 A1 \u0438 A2 \u0423\u0447\u0435\u0431\u043d\u0430\u044f \u043f\u0440\u043e\u0433\u0440\u0430\u043c\u043c\u0430 \u043a\u0430\u0442\u0435\u0433\u043e\u0440\u0438\u0438 AM \u0423\u0447\u0435\u0431\u043d\u0430\u044f \u043f\u0440\u043e\u0433\u0440\u0430\u043c\u043c\u0430 \u043a\u0430\u0442\u0435\u0433\u043e\u0440\u0438\u0438 B<\/p>\n","protected":false},"author":3,"featured_media":0,"parent":0,"menu_order":0,"comment_status":"closed","ping_status":"open","template":"","meta":{"ngg_post_thumbnail":0},"_links":{"self":[{"href":"https:\/\/somero.ee\/ru\/wp-json\/wp\/v2\/pages\/2046"}],"collection":[{"href":"https:\/\/somero.ee\/ru\/wp-json\/wp\/v2\/pages"}],"about":[{"href":"https:\/\/somero.ee\/ru\/wp-json\/wp\/v2\/types\/page"}],"author":[{"embeddable":true,"href":"https:\/\/somero.ee\/ru\/wp-json\/wp\/v2\/users\/3"}],"replies":[{"embeddable":true,"href":"https:\/\/somero.ee\/ru\/wp-json\/wp\/v2\/comments?post=2046"}],"version-history":[{"count":4,"href":"https:\/\/somero.ee\/ru\/wp-json\/wp\/v2\/pages\/2046\/revisions"}],"predecessor-version":[{"id":2072,"href":"https:\/\/somero.ee\/ru\/wp-json\/wp\/v2\/pages\/2046\/revisions\/2072"}],"wp:attachment":[{"href":"https:\/\/somero.ee\/ru\/wp-json\/wp\/v2\/media?parent=2046"}],"curies":[{"name":"wp","href":"https:\/\/api.w.org\/{rel}","templated":true}]}}